{"id":408,"date":"2018-02-16T18:03:00","date_gmt":"2018-02-16T17:03:00","guid":{"rendered":"https:\/\/wstronedziecka.pl\/?page_id=408"},"modified":"2026-02-23T13:06:16","modified_gmt":"2026-02-23T12:06:16","slug":"o-mnie","status":"publish","type":"page","link":"https:\/\/wstronedziecka.pl\/?page_id=408","title":{"rendered":"O MNIE"},"content":{"rendered":"<div class=\"MsoNoSpacing\" style=\"text-align: justify\">\n<i><span style=\"font-size: 12pt\">W stron\u0119 dziecka<\/span><\/i><span style=\"font-size: 12pt\"> to miejsce skupiaj\u0105ce<br \/>\nspo\u0142eczno\u015b\u0107 <b>rodzic\u00f3w<\/b> oraz <b>wychowawc\u00f3w<\/b> <b>dzieci <\/b>w wieku<b> przedszkolnym<\/b><br \/>\ni <b>wczesnoszkolnym<\/b>. <\/span><\/div>\n<div class=\"MsoNoSpacing\" style=\"text-align: justify\">\n<span style=\"font-size: 12pt\"><br \/><\/span><\/div>\n<div class=\"MsoNoSpacing\" style=\"text-align: justify\">\n<span style=\"font-size: 12pt\">Na<br \/>\njego \u0142amach pomagam <b>rozwi\u0105zywa\u0107 trudno\u015bci wychowawcze<\/b>, motywuj\u0119 do <b>wspomagania<br \/>\nrozwoju poprzez zabaw\u0119<\/b>&nbsp;oraz wspieram w <b>pod\u0105\u017caniu za potrzebami dziecka.&nbsp;<\/b>Wi\u0119cej na temat wizji bloga pisz\u0119 tutaj: <a href=\"http:\/\/w-strone-dziecka.blogspot.de\/2016\/09\/w-ktora-strone-czyli-o-idei-sow-kilka.html\">KLIK<\/a><\/span><\/div>\n<div class=\"MsoNoSpacing\" style=\"text-align: justify\">\n<span style=\"font-size: 12pt\"><br \/><\/span><\/div>\n<div class=\"MsoNoSpacing\" style=\"text-align: justify\">\n<span style=\"font-size: 12pt\">Je\u017celi<br \/>\nzastanawiasz si\u0119 nad form\u0105 <b>wsparcia rozwoju<\/b> swojego dziecka lub<b> poszukujesz materia\u0142\u00f3w do pracy <\/b>z nim to<br \/>\njeste\u015b w dobrym miejscu! <\/span><\/div>\n<div class=\"MsoNoSpacing\" style=\"text-align: justify\">\n<span style=\"font-size: 12pt\"><br \/><\/span><\/div>\n<div class=\"MsoNoSpacing\" style=\"text-align: justify\">\n<span style=\"font-size: 12pt\">Je\u015bli<br \/>\nczujesz, \u017ce <i>W stron\u0119 dziecka<\/i> jest<br \/>\nmiejscem stworzonym specjalnie dla Ciebie, to b\u0119dzie mi przyjemnie go\u015bci\u0107 Ci\u0119<br \/>\ntu cz\u0119\u015bciej.<\/span><\/div>\n<div class=\"MsoNoSpacing\" style=\"text-align: justify\">\n<span style=\"font-size: 12pt\"><br \/><\/span><\/div>\n<div class=\"MsoNoSpacing\" style=\"text-align: center\">\n<b><span style=\"font-size: 12pt\">Kim jestem?<\/span><\/b><\/div>\n<div class=\"MsoNoSpacing\" style=\"text-align: justify\">\n<b><span style=\"font-size: 12pt\"><br \/><\/span><\/b><\/div>\n<div class=\"MsoNoSpacing\" style=\"text-align: justify\"><span style=\"font-family: georgia, serif;font-size: 12pt\">Nazywam si\u0119 Agata Pietrzak, z wykszta\u0142cenia i zami\u0142owania jestem<br \/>\npsychologiem.&nbsp; Jestem tak\u017ce \u017con\u0105, mam\u0105 i pasjonatk\u0105 \u017ceglarstwa. Kilka lat mieszka\u0142am w Meksyku i to rozbudzi\u0142o we mnie fascynacj\u0119 tym pi\u0119knym krajem oraz j\u0119zykiem hiszpa\u0144skim. Dzie\u0144 rozpoczynam od \u015bwie\u017co zaparzonej kawy i w\u0142\u0105czenia radia, &nbsp;uwielbiam zapach nowych ksi\u0105\u017cek i wierz\u0119 w lecznicz\u0105<br \/>\nmoc u\u015bmiechu.<\/span><\/div>\n<div class=\"MsoNoSpacing\" style=\"text-align: justify\"><span style=\"font-family: georgia, serif;font-size: 12pt\"><br \/><\/span><\/div>\n<div class=\"MsoNoSpacing\" style=\"text-align: justify\"><span style=\"font-family: georgia, serif;font-size: 12pt\"><\/p>\n<div class=\"MsoNoSpacing\" style=\"font-size: medium\"><span style=\"font-size: 12pt\">Uko\u0144czy\u0142am pi\u0119cioletnie studia dzienne na kierunku <b>Psychologia Stosowana na Uniwersytecie Jagiello\u0144skim<\/b> w Krakowie oraz studia podyplomowe nadaj\u0105ce mi <b>uprawnienia pedagogiczne.&nbsp;<\/b><\/span><\/div>\n<div class=\"MsoNoSpacing\" style=\"font-size: medium\"><span style=\"font-size: 12pt\"><br \/><\/span><\/div>\n<div class=\"MsoNoSpacing\" style=\"font-size: medium\"><span style=\"font-size: 12pt\">Jestem r\u00f3wnie\u017c <\/span><span style=\"font-size: 12pt\">autork\u0105 publikacji<\/span><span style=\"font-size: 12pt\"> w punktowanych czasopismach naukowych.&nbsp;<\/span><\/div>\n<div class=\"MsoNoSpacing\" style=\"font-size: medium\"><span style=\"font-family: georgia, serif;font-size: 12pt\"><br \/>Od sze\u015bciu lat <b>stale podnosz\u0119 swoje kwalifikacje<\/b> poprzez udzia\u0142 w specjalistycznych szkoleniach z zakresu<b> <\/b>terapii dzieci\u0119cej, m.in.:<\/span><\/div>\n<div class=\"MsoNoSpacing\" style=\"font-size: medium;text-align: left\"><\/div>\n<ul style=\"font-size: medium;text-align: left\">\n<li style=\"text-align: justify\"><span style=\", serif;font-size: 12pt\">rozwijania umiej\u0119tno\u015bci spo\u0142ecznych,<\/span><\/li>\n<li style=\"text-align: justify\"><span style=\", serif;font-size: 12pt\">technik relaksacyjnych w pracy z dzie\u0107mi,<\/span><\/li>\n<li style=\"text-align: justify\"><span style=\", serif;font-size: 12pt\">przeciwdzia\u0142ania agresji u dzieci,<\/span><\/li>\n<li style=\"text-align: justify\"><span style=\", serif;font-size: 12pt\">narz\u0119dzi wspomagaj\u0105cych prac\u0119 z dzieckiem l\u0119kowym i nie\u015bmia\u0142ym,<\/span><\/li>\n<li style=\"text-align: justify\"><span style=\", serif;font-size: 12pt\">rozwoju kompetencji emocjonalnych,<\/span><\/li>\n<li style=\"text-align: justify\"><span style=\"background-color: white;, serif;font-size: 12pt\">zespo\u0142u nadpobudliwo\u015bci psychoruchowej,<\/span><\/li>\n<li style=\"text-align: justify\"><span style=\"background-color: white;, serif;font-size: 12pt\">zr\u00f3\u017cnicowanych narz\u0119dzi pracy terapeutycznej z dzie\u0107mi<\/span><span class=\"apple-converted-space\" style=\", serif;font-size: 12pt\">.<br \/><\/span><\/li>\n<\/ul>\n<p><\/span><\/div>\n<div class=\"MsoNoSpacing\" style=\"text-align: justify\"><span style=\"font-size: 12pt\"><br \/>Moje zainteresowania zawodowe koncentruj\u0105 si\u0119 wok\u00f3\u0142 psychologii rozwoju dziecka, psychologii wychowawczej oraz&nbsp;<\/span><span style=\"font-family: georgia, serif;font-size: 16px\">ochrony zdrowia psychicznego dzieci.<\/span><span style=\"font-family: georgia, serif;font-size: 12pt\">&nbsp;Ch\u0119tnie anga\u017cuj\u0119 si\u0119 r\u00f3wnie\u017c w projekty dotycz\u0105ce psychologii migracji.&nbsp;Bliska jest mi tematyka&nbsp;<b>High Need Babies<\/b>&nbsp;oraz&nbsp;<b>Dzieci Wysoko Wra\u017cliwych<\/b>, czerpi\u0119 z za\u0142o\u017ce\u0144&nbsp;<b>Rodzicielstwa Blisko\u015bci<\/b>&nbsp;zar\u00f3wno w \u017cyciu zawodowym, jak i prywatnym.<\/span><\/div>\n<div class=\"MsoNoSpacing\" style=\"text-align: justify\"><span style=\"font-size: 12pt\"><br \/>W swojej pracy wspieram, obserwuj\u0119 i pomagam w<br \/>\nradzeniu sobie z nowymi wyzwaniami, jakie staj\u0105 przed opiekunami, rodzicami<br \/>\noraz dzie\u0107mi.&nbsp;<b>Lubi\u0119 tworzy\u0107 w\u0142asne materia\u0142y<\/b> do pracy z dzie\u0107mi, dlatego stale poszukuj\u0119 inspiracji do przygotowywania nowych, <b>indywidualnych narz\u0119dzi<\/b>, kt\u00f3re najlepiej odpowiadaj\u0105 na potrzeby danego dziecka.&nbsp;<\/span><\/div>\n<div class=\"MsoNoSpacing\" style=\"text-align: justify\"><\/div>\n<div class=\"MsoNoSpacing\" style=\"text-align: justify\"><b style=\"font-size: 12pt\">Publikacje naukowe:<\/b><\/div>\n<div style=\"text-align: justify\">\n<ul>\n<li><span style=\"font-family: georgia, serif;font-size: 12pt\">Pietrzak A. (2020). Oty\u0142o\u015b\u0107 dzieci\u0119ca w perspektywie psychospo\u0142ecznej. Rola edukacji \u017cywieniowej. Edukacja Elementarna w Teorii i Praktyce, 58(15)\n<p><\/span><\/li>\n<li><span style=\"font-family: georgia, serif;font-size: 12pt\">Pietrzak A. (2018). Rozwa\u017cania nad rol\u0105 zabawek w kszta\u0142towaniu zachowa\u0144 prospo\u0142ecznych we wczesnym dzieci\u0144stwie. Edukacja Elementarna w Teorii i Praktyce, 49(13)\n<p><\/span><\/li>\n<li><span style=\"font-family: georgia, serif;font-size: 12pt\">Pietrzak A. (2018). Stopy, do czego was potrzebuj\u0119, gdy mam skrzyd\u0142a do latania. Malarstwo Fridy Kahlo jako odzwierciedlenie sytuacji cierpienia. Zeszyty Naukowe Uniwersytetu Jagiello\u0144skiego, No.22<\/span><\/li>\n<\/ul>\n<\/div>\n<div style=\"text-align: justify\"><span style=\"font-size: 12pt\"><br \/><\/span><\/div>\n<div style=\"text-align: justify\"><span style=\"font-size: 12pt\"><b>Media<\/b>:<\/span><\/div>\n<div style=\"text-align: justify\">\n<ul>\n<li><span style=\"font-family: georgia, serif\"><span style=\"font-size: 12pt\">Pietrzak A. (2022), <\/span><i style=\"font-size: 12pt\">Emigrowa\u0107, czyli narodzi\u0107 si\u0119 na nowo<\/i><span style=\"font-size: 12pt\">, rozm. przepr. N. Lisowska, Magazyn &#8220;Dzia\u0142aj &#8211; my&#8221;, nr. 6&nbsp;<br \/><a href=\"https:\/\/dzialajmy.pl\/czasopisma\/\" target=\"_blank\">https:\/\/dzialajmy.pl\/czasopisma\/<\/a>\n<p><\/span><\/span><\/li>\n<li><span style=\"font-family: georgia, serif;font-size: 12pt\">Pietrzak A. (2020), <i>Dzieci nie boj\u0105 si\u0119 Dia de los Muertos<\/i>, rozm. przepr. A. Bujas, kobieta.interia.pl&nbsp;<br \/><a href=\"https:\/\/kobieta.interia.pl\/podroze\/news-dzieci-nie-boja-sie-dia-de-los-muertos,nId,3311804\">https:\/\/kobieta.interia.pl\/podroze\/news-dzieci-nie-boja-sie-dia-de-los-muertos,nId,3311804<\/a>\n<p><\/span><\/li>\n<li><span style=\"font-family: georgia, serif;font-size: 12pt\">Pietrzak A. (2017), <i>Wywiad\u00f3wka: rozbroi\u0107 bomb\u0119, czyli jak radzi\u0107 sobie z agresj\u0105 dziecka?<\/i>, rozm. przepr. I. Kostecka, Mum and the city<br \/><a href=\"https:\/\/mumandthecity.pl\/wywiadowka-rozbroic-bombe-czyli-jak-radzic-sobie-z-agresja-dziecka\/\">https:\/\/mumandthecity.pl\/wywiadowka-rozbroic-bombe-czyli-jak-radzic-sobie-z-agresja-dziecka\/<\/a><br \/><\/span><\/li>\n<\/ul>\n<\/div>\n<div style=\"text-align: justify\"><span style=\"font-family: georgia, serif;font-size: 12pt\"><br \/><\/span><\/div>\n<div style=\"text-align: justify\"><\/div>\n<div class=\"MsoNoSpacing\" style=\"text-align: justify\">\n<div class=\"separator\" style=\"clear: both;text-align: center\"><\/div>\n<\/div>\n","protected":false},"excerpt":{"rendered":"<p>W stron\u0119 dziecka to miejsce skupiaj\u0105ce spo\u0142eczno\u015b\u0107 rodzic\u00f3w oraz wychowawc\u00f3w dzieci w wieku przedszkolnym i wczesnoszkolnym. Na jego \u0142amach pomagam [&hellip;]<\/p>\n","protected":false},"author":1,"featured_media":0,"parent":0,"menu_order":0,"comment_status":"closed","ping_status":"closed","template":"","meta":{"site-sidebar-layout":"default","site-content-layout":"","ast-site-content-layout":"default","site-content-style":"default","site-sidebar-style":"default","ast-global-header-display":"","ast-banner-title-visibility":"","ast-main-header-display":"","ast-hfb-above-header-display":"","ast-hfb-below-header-display":"","ast-hfb-mobile-header-display":"","site-post-title":"","ast-breadcrumbs-content":"","ast-featured-img":"","footer-sml-layout":"","ast-disable-related-posts":"","theme-transparent-header-meta":"","adv-header-id-meta":"","stick-header-meta":"","header-above-stick-meta":"","header-main-stick-meta":"","header-below-stick-meta":"","astra-migrate-meta-layouts":"default","ast-page-background-enabled":"default","ast-page-background-meta":{"desktop":{"background-color":"var(--ast-global-color-5)","background-image":"","background-repeat":"repeat","background-position":"center center","background-size":"auto","background-attachment":"scroll","background-type":"","background-media":"","overlay-type":"","overlay-color":"","overlay-opacity":"","overlay-gradient":""},"tablet":{"background-color":"","background-image":"","background-repeat":"repeat","background-position":"center center","background-size":"auto","background-attachment":"scroll","background-type":"","background-media":"","overlay-type":"","overlay-color":"","overlay-opacity":"","overlay-gradient":""},"mobile":{"background-color":"","background-image":"","background-repeat":"repeat","background-position":"center center","background-size":"auto","background-attachment":"scroll","background-type":"","background-media":"","overlay-type":"","overlay-color":"","overlay-opacity":"","overlay-gradient":""}},"ast-content-background-meta":{"desktop":{"background-color":"var(--ast-global-color-4)","background-image":"","background-repeat":"repeat","background-position":"center center","background-size":"auto","background-attachment":"scroll","background-type":"","background-media":"","overlay-type":"","overlay-color":"","overlay-opacity":"","overlay-gradient":""},"tablet":{"background-color":"var(--ast-global-color-4)","background-image":"","background-repeat":"repeat","background-position":"center center","background-size":"auto","background-attachment":"scroll","background-type":"","background-media":"","overlay-type":"","overlay-color":"","overlay-opacity":"","overlay-gradient":""},"mobile":{"background-color":"var(--ast-global-color-4)","background-image":"","background-repeat":"repeat","background-position":"center center","background-size":"auto","background-attachment":"scroll","background-type":"","background-media":"","overlay-type":"","overlay-color":"","overlay-opacity":"","overlay-gradient":""}},"footnotes":""},"class_list":["post-408","page","type-page","status-publish","hentry"],"_links":{"self":[{"href":"https:\/\/wstronedziecka.pl\/index.php?rest_route=\/wp\/v2\/pages\/408","targetHints":{"allow":["GET"]}}],"collection":[{"href":"https:\/\/wstronedziecka.pl\/index.php?rest_route=\/wp\/v2\/pages"}],"about":[{"href":"https:\/\/wstronedziecka.pl\/index.php?rest_route=\/wp\/v2\/types\/page"}],"author":[{"embeddable":true,"href":"https:\/\/wstronedziecka.pl\/index.php?rest_route=\/wp\/v2\/users\/1"}],"replies":[{"embeddable":true,"href":"https:\/\/wstronedziecka.pl\/index.php?rest_route=%2Fwp%2Fv2%2Fcomments&post=408"}],"version-history":[{"count":1,"href":"https:\/\/wstronedziecka.pl\/index.php?rest_route=\/wp\/v2\/pages\/408\/revisions"}],"predecessor-version":[{"id":409,"href":"https:\/\/wstronedziecka.pl\/index.php?rest_route=\/wp\/v2\/pages\/408\/revisions\/409"}],"wp:attachment":[{"href":"https:\/\/wstronedziecka.pl\/index.php?rest_route=%2Fwp%2Fv2%2Fmedia&parent=408"}],"curies":[{"name":"wp","href":"https:\/\/api.w.org\/{rel}","templated":true}]}}